{"id":554,"date":"2023-06-14T14:53:20","date_gmt":"2023-06-14T12:53:20","guid":{"rendered":"https:\/\/musiquenherbe.org\/?page_id=554"},"modified":"2023-06-24T11:47:14","modified_gmt":"2023-06-24T09:47:14","slug":"mentions-legales","status":"publish","type":"page","link":"https:\/\/musiquenherbe.org\/index.php\/mentions-legales\/","title":{"rendered":"Mentions L\u00e9gales"},"content":{"rendered":"\t\t<div data-elementor-type=\"wp-page\" data-elementor-id=\"554\" class=\"elementor elementor-554\">\n\t\t\t\t\t\t<section class=\"elementor-section elementor-top-section elementor-element elementor-element-f7e2357 elementor-section-boxed elementor-section-height-default elementor-section-height-default\" data-id=\"f7e2357\" data-element_type=\"section\" data-e-type=\"section\">\n\t\t\t\t\t\t<div class=\"elementor-container elementor-column-gap-default\">\n\t\t\t\t\t<div class=\"elementor-column elementor-col-100 elementor-top-column elementor-element elementor-element-6ae661ac\" data-id=\"6ae661ac\" data-element_type=\"column\" data-e-type=\"column\">\n\t\t\t<div class=\"elementor-widget-wrap elementor-element-populated\">\n\t\t\t\t\t\t<div class=\"elementor-element elementor-element-1ab3077b elementor-widget elementor-widget-text-editor\" data-id=\"1ab3077b\" data-element_type=\"widget\" data-e-type=\"widget\" data-widget_type=\"text-editor.default\">\n\t\t\t\t<div class=\"elementor-widget-container\">\n\t\t\t\t\t\t\t\t\t<p><\/p>\n<p>\u00a0<\/p>\n<section id=\"mentions-legale\" class=\"text-center\">\n<h2>Mentions l\u00e9gales<\/h2>\n<div class=\"d-flex justify-content-center\">\n<div class=\"ligne\">\u00a0<\/div>\n<\/div>\n<div><b>Nom de l&rsquo;association : <\/b> Musique en Herbe<\/div>\n<div><b>L&rsquo;adresse de l&rsquo;association : <\/b> 41 rue des Granges 80000 Amiens<\/div>\n<div><b>t\u00e9l : <\/b> 03 22 91 41 73<\/div>\n<div><b>Mail : <\/b> <a href=\"mailto:musiqueenherbes@wanadoo.fr\">musiqueenherbes@wanadoo.fr<\/a><\/div>\n<div><b>Directeur : <\/b>Mr Benoit LELEU<\/div>\n<div>\u00a0<\/div>\n<\/section>\n<section id=\"hebergeur\" class=\"text-center\">\n<h2>H\u00e9bergeur<\/h2>\n<h2><b style=\"color: var( --e-global-color-text ); font-family: var( --e-global-typography-text-font-family ), Sans-serif; font-style: var( --e-global-typography-text-font-style ); letter-spacing: var( --e-global-typography-text-letter-spacing ); text-transform: var( --e-global-typography-text-text-transform ); font-size: var( --e-global-typography-text-font-size );\">Nom de l&rsquo;h\u00e9bergeur : <\/b><span style=\"color: var( --e-global-color-text ); font-family: var( --e-global-typography-text-font-family ), Sans-serif; font-style: var( --e-global-typography-text-font-style ); letter-spacing: var( --e-global-typography-text-letter-spacing ); text-transform: var( --e-global-typography-text-text-transform ); font-size: var( --e-global-typography-text-font-size ); font-weight: var( --e-global-typography-text-font-weight );\"> ovh<\/span><\/h2>\n<div><b>Adresse de l&rsquo;h\u00e9bergeur : <\/b> 2 rue Kellermann &#8211; 59100 Roubaix &#8211; France<\/div>\n<div><b><a href=\"https:\/\/www.ovh.com\/fr\/\">https:\/\/www.ovh.com\/fr\/<\/a><\/b><\/div>\n<p>\u00a0<\/p>\nCe site a \u00e9t\u00e9 r\u00e9alis\u00e9 par <a href=\"https:\/\/www.linkedin.com\/in\/ilyas-sahabi-6a375a25b\">Sahabi Ilyas<\/a>. Toute reproduction est interdite.<\/section>\n<p><\/p>\t\t\t\t\t\t\t\t<\/div>\n\t\t\t\t<\/div>\n\t\t\t\t\t<\/div>\n\t\t<\/div>\n\t\t\t\t\t<\/div>\n\t\t<\/section>\n\t\t\t\t<section class=\"elementor-section elementor-top-section elementor-element elementor-element-d50e510 elementor-section-boxed elementor-section-height-default elementor-section-height-default\" data-id=\"d50e510\" data-element_type=\"section\" data-e-type=\"section\">\n\t\t\t\t\t\t<div class=\"elementor-container elementor-column-gap-default\">\n\t\t\t\t\t<div class=\"elementor-column elementor-col-100 elementor-top-column elementor-element elementor-element-7cbf0c6\" data-id=\"7cbf0c6\" data-element_type=\"column\" data-e-type=\"column\">\n\t\t\t<div class=\"elementor-widget-wrap elementor-element-populated\">\n\t\t\t\t\t\t<div class=\"elementor-element elementor-element-07048a5 elementor-widget elementor-widget-spacer\" data-id=\"07048a5\" data-element_type=\"widget\" data-e-type=\"widget\" data-widget_type=\"spacer.default\">\n\t\t\t\t<div class=\"elementor-widget-container\">\n\t\t\t\t\t\t\t<div class=\"elementor-spacer\">\n\t\t\t<div class=\"elementor-spacer-inner\"><\/div>\n\t\t<\/div>\n\t\t\t\t\t\t<\/div>\n\t\t\t\t<\/div>\n\t\t\t\t\t<\/div>\n\t\t<\/div>\n\t\t\t\t\t<\/div>\n\t\t<\/section>\n\t\t\t\t<\/div>\n\t\t","protected":false},"excerpt":{"rendered":"<p>\u00a0 Mentions l\u00e9gales \u00a0 Nom de l&rsquo;association : Musique en Herbe L&rsquo;adresse de l&rsquo;association : 41 rue des Granges 80000 Amiens t\u00e9l : 03 22 91 41 73 Mail : musiqueenherbes@wanadoo.fr Directeur : Mr Benoit LELEU \u00a0 H\u00e9bergeur Nom de l&rsquo;h\u00e9bergeur : ovh Adresse de l&rsquo;h\u00e9bergeur : 2 rue Kellermann &#8211; 59100 Roubaix &#8211; France [&hellip;]<\/p>\n","protected":false},"author":1,"featured_media":0,"parent":0,"menu_order":0,"comment_status":"closed","ping_status":"closed","template":"elementor_header_footer","meta":{"footnotes":""},"class_list":["post-554","page","type-page","status-publish","hentry"],"_links":{"self":[{"href":"https:\/\/musiquenherbe.org\/index.php\/wp-json\/wp\/v2\/pages\/554","targetHints":{"allow":["GET"]}}],"collection":[{"href":"https:\/\/musiquenherbe.org\/index.php\/wp-json\/wp\/v2\/pages"}],"about":[{"href":"https:\/\/musiquenherbe.org\/index.php\/wp-json\/wp\/v2\/types\/page"}],"author":[{"embeddable":true,"href":"https:\/\/musiquenherbe.org\/index.php\/wp-json\/wp\/v2\/users\/1"}],"replies":[{"embeddable":true,"href":"https:\/\/musiquenherbe.org\/index.php\/wp-json\/wp\/v2\/comments?post=554"}],"version-history":[{"count":16,"href":"https:\/\/musiquenherbe.org\/index.php\/wp-json\/wp\/v2\/pages\/554\/revisions"}],"predecessor-version":[{"id":848,"href":"https:\/\/musiquenherbe.org\/index.php\/wp-json\/wp\/v2\/pages\/554\/revisions\/848"}],"wp:attachment":[{"href":"https:\/\/musiquenherbe.org\/index.php\/wp-json\/wp\/v2\/media?parent=554"}],"curies":[{"name":"wp","href":"https:\/\/api.w.org\/{rel}","templated":true}]}}