{"id":671,"date":"2023-06-22T14:20:12","date_gmt":"2023-06-22T12:20:12","guid":{"rendered":"https:\/\/musiquenherbe.org\/?page_id=671"},"modified":"2023-11-15T15:45:42","modified_gmt":"2023-11-15T14:45:42","slug":"liste-des-instruments","status":"publish","type":"page","link":"https:\/\/musiquenherbe.org\/index.php\/services\/liste-des-instruments\/","title":{"rendered":"Liste Des Instruments"},"content":{"rendered":"\t\t<div data-elementor-type=\"wp-page\" data-elementor-id=\"671\" class=\"elementor elementor-671\">\n\t\t\t\t\t\t<section class=\"elementor-section elementor-top-section elementor-element elementor-element-9cd3cb7 elementor-section-boxed elementor-section-height-default elementor-section-height-default\" data-id=\"9cd3cb7\" data-element_type=\"section\" data-e-type=\"section\">\n\t\t\t\t\t\t<div class=\"elementor-container elementor-column-gap-default\">\n\t\t\t\t\t<div class=\"elementor-column elementor-col-100 elementor-top-column elementor-element elementor-element-00cb259\" data-id=\"00cb259\" data-element_type=\"column\" data-e-type=\"column\">\n\t\t\t<div class=\"elementor-widget-wrap elementor-element-populated\">\n\t\t\t\t\t\t<div class=\"elementor-element elementor-element-7e908ec elementor-widget elementor-widget-heading\" data-id=\"7e908ec\" data-element_type=\"widget\" data-e-type=\"widget\" data-widget_type=\"heading.default\">\n\t\t\t\t<div class=\"elementor-widget-container\">\n\t\t\t\t\t<h2 class=\"elementor-heading-title elementor-size-default\">Liste Des Instruments :<\/h2>\t\t\t\t<\/div>\n\t\t\t\t<\/div>\n\t\t\t\t\t<\/div>\n\t\t<\/div>\n\t\t\t\t\t<\/div>\n\t\t<\/section>\n\t\t\t\t<section class=\"elementor-section elementor-top-section elementor-element elementor-element-4fbc412 elementor-section-boxed elementor-section-height-default elementor-section-height-default\" data-id=\"4fbc412\" data-element_type=\"section\" data-e-type=\"section\">\n\t\t\t\t\t\t<div class=\"elementor-container elementor-column-gap-default\">\n\t\t\t\t\t<div class=\"elementor-column elementor-col-33 elementor-top-column elementor-element elementor-element-4ee4893\" data-id=\"4ee4893\" data-element_type=\"column\" data-e-type=\"column\">\n\t\t\t<div class=\"elementor-widget-wrap elementor-element-populated\">\n\t\t\t\t\t\t<div class=\"elementor-element elementor-element-3b3576a elementor-position-top elementor-widget elementor-widget-image-box\" data-id=\"3b3576a\" data-element_type=\"widget\" data-e-type=\"widget\" data-widget_type=\"image-box.default\">\n\t\t\t\t<div class=\"elementor-widget-container\">\n\t\t\t\t\t<div class=\"elementor-image-box-wrapper\"><figure class=\"elementor-image-box-img\"><img fetchpriority=\"high\" decoding=\"async\" width=\"500\" height=\"500\" src=\"https:\/\/musiquenherbe.org\/wp-content\/uploads\/2023\/06\/pngtree-classic-acoustic-guitar-png-image_9018867.png\" class=\"attachment-full size-full wp-image-672\" alt=\"\" srcset=\"https:\/\/musiquenherbe.org\/wp-content\/uploads\/2023\/06\/pngtree-classic-acoustic-guitar-png-image_9018867.png 500w, https:\/\/musiquenherbe.org\/wp-content\/uploads\/2023\/06\/pngtree-classic-acoustic-guitar-png-image_9018867-300x300.png 300w, https:\/\/musiquenherbe.org\/wp-content\/uploads\/2023\/06\/pngtree-classic-acoustic-guitar-png-image_9018867-150x150.png 150w\" sizes=\"(max-width: 500px) 100vw, 500px\" \/><\/figure><div class=\"elementor-image-box-content\"><h3 class=\"elementor-image-box-title\">Guitare<\/h3><p class=\"elementor-image-box-description\">Acoustique, Folk, Electrique, Rock, Jazz, Basse<\/p><\/div><\/div>\t\t\t\t<\/div>\n\t\t\t\t<\/div>\n\t\t\t\t\t<\/div>\n\t\t<\/div>\n\t\t\t\t<div class=\"elementor-column elementor-col-33 elementor-top-column elementor-element elementor-element-3ef52bd\" data-id=\"3ef52bd\" data-element_type=\"column\" data-e-type=\"column\">\n\t\t\t<div class=\"elementor-widget-wrap elementor-element-populated\">\n\t\t\t\t\t\t<div class=\"elementor-element elementor-element-a8e582c elementor-position-top elementor-widget elementor-widget-image-box\" data-id=\"a8e582c\" data-element_type=\"widget\" data-e-type=\"widget\" data-widget_type=\"image-box.default\">\n\t\t\t\t<div class=\"elementor-widget-container\">\n\t\t\t\t\t<div class=\"elementor-image-box-wrapper\"><figure class=\"elementor-image-box-img\"><img decoding=\"async\" width=\"1393\" height=\"980\" src=\"https:\/\/musiquenherbe.org\/wp-content\/uploads\/2023\/06\/music-instrument-grand-piano-png.webp\" class=\"attachment-full size-full wp-image-673\" alt=\"\" srcset=\"https:\/\/musiquenherbe.org\/wp-content\/uploads\/2023\/06\/music-instrument-grand-piano-png.webp 1393w, https:\/\/musiquenherbe.org\/wp-content\/uploads\/2023\/06\/music-instrument-grand-piano-png-300x211.webp 300w, https:\/\/musiquenherbe.org\/wp-content\/uploads\/2023\/06\/music-instrument-grand-piano-png-1024x720.webp 1024w, https:\/\/musiquenherbe.org\/wp-content\/uploads\/2023\/06\/music-instrument-grand-piano-png-768x540.webp 768w\" sizes=\"(max-width: 1393px) 100vw, 1393px\" \/><\/figure><div class=\"elementor-image-box-content\"><h3 class=\"elementor-image-box-title\">Claviers<\/h3><p class=\"elementor-image-box-description\">Piano Jazz, Piano Classique, Accord\u00e9on<\/p><\/div><\/div>\t\t\t\t<\/div>\n\t\t\t\t<\/div>\n\t\t\t\t\t<\/div>\n\t\t<\/div>\n\t\t\t\t<div class=\"elementor-column elementor-col-33 elementor-top-column elementor-element elementor-element-79c7c1a\" data-id=\"79c7c1a\" data-element_type=\"column\" data-e-type=\"column\">\n\t\t\t<div class=\"elementor-widget-wrap elementor-element-populated\">\n\t\t\t\t\t\t<div class=\"elementor-element elementor-element-346d370 elementor-position-top elementor-widget elementor-widget-image-box\" data-id=\"346d370\" data-element_type=\"widget\" data-e-type=\"widget\" data-widget_type=\"image-box.default\">\n\t\t\t\t<div class=\"elementor-widget-container\">\n\t\t\t\t\t<div class=\"elementor-image-box-wrapper\"><figure class=\"elementor-image-box-img\"><img decoding=\"async\" width=\"915\" height=\"980\" src=\"https:\/\/musiquenherbe.org\/wp-content\/uploads\/2023\/06\/music-instrument-saxophone-png.webp\" class=\"attachment-full size-full wp-image-726\" alt=\"\" srcset=\"https:\/\/musiquenherbe.org\/wp-content\/uploads\/2023\/06\/music-instrument-saxophone-png.webp 915w, https:\/\/musiquenherbe.org\/wp-content\/uploads\/2023\/06\/music-instrument-saxophone-png-280x300.webp 280w, https:\/\/musiquenherbe.org\/wp-content\/uploads\/2023\/06\/music-instrument-saxophone-png-768x823.webp 768w\" sizes=\"(max-width: 915px) 100vw, 915px\" \/><\/figure><div class=\"elementor-image-box-content\"><h3 class=\"elementor-image-box-title\">Vents<\/h3><p class=\"elementor-image-box-description\">Fl\u00fbte traversi\u00e8re, Saxophone, Trombone<\/p><\/div><\/div>\t\t\t\t<\/div>\n\t\t\t\t<\/div>\n\t\t\t\t\t<\/div>\n\t\t<\/div>\n\t\t\t\t\t<\/div>\n\t\t<\/section>\n\t\t\t\t<section class=\"elementor-section elementor-top-section elementor-element elementor-element-ff13930 elementor-section-boxed elementor-section-height-default elementor-section-height-default\" data-id=\"ff13930\" data-element_type=\"section\" data-e-type=\"section\">\n\t\t\t\t\t\t<div class=\"elementor-container elementor-column-gap-default\">\n\t\t\t\t\t<div class=\"elementor-column elementor-col-33 elementor-top-column elementor-element elementor-element-0af4bde\" data-id=\"0af4bde\" data-element_type=\"column\" data-e-type=\"column\">\n\t\t\t<div class=\"elementor-widget-wrap elementor-element-populated\">\n\t\t\t\t\t\t<div class=\"elementor-element elementor-element-522476c elementor-position-top elementor-widget elementor-widget-image-box\" data-id=\"522476c\" data-element_type=\"widget\" data-e-type=\"widget\" data-widget_type=\"image-box.default\">\n\t\t\t\t<div class=\"elementor-widget-container\">\n\t\t\t\t\t<div class=\"elementor-image-box-wrapper\"><figure class=\"elementor-image-box-img\"><img loading=\"lazy\" decoding=\"async\" width=\"978\" height=\"980\" src=\"https:\/\/musiquenherbe.org\/wp-content\/uploads\/2023\/06\/music-instrument-violin-png.webp\" class=\"attachment-full size-full wp-image-676\" alt=\"\" srcset=\"https:\/\/musiquenherbe.org\/wp-content\/uploads\/2023\/06\/music-instrument-violin-png.webp 978w, https:\/\/musiquenherbe.org\/wp-content\/uploads\/2023\/06\/music-instrument-violin-png-300x300.webp 300w, https:\/\/musiquenherbe.org\/wp-content\/uploads\/2023\/06\/music-instrument-violin-png-150x150.webp 150w, https:\/\/musiquenherbe.org\/wp-content\/uploads\/2023\/06\/music-instrument-violin-png-768x770.webp 768w\" sizes=\"(max-width: 978px) 100vw, 978px\" \/><\/figure><div class=\"elementor-image-box-content\"><h3 class=\"elementor-image-box-title\">Cordes<\/h3><p class=\"elementor-image-box-description\">Violoncelle, Violon<\/p><\/div><\/div>\t\t\t\t<\/div>\n\t\t\t\t<\/div>\n\t\t\t\t\t<\/div>\n\t\t<\/div>\n\t\t\t\t<div class=\"elementor-column elementor-col-33 elementor-top-column elementor-element elementor-element-bf91d1e\" data-id=\"bf91d1e\" data-element_type=\"column\" data-e-type=\"column\">\n\t\t\t<div class=\"elementor-widget-wrap elementor-element-populated\">\n\t\t\t\t\t\t<div class=\"elementor-element elementor-element-423efd2 elementor-position-top elementor-widget elementor-widget-image-box\" data-id=\"423efd2\" data-element_type=\"widget\" data-e-type=\"widget\" data-widget_type=\"image-box.default\">\n\t\t\t\t<div class=\"elementor-widget-container\">\n\t\t\t\t\t<div class=\"elementor-image-box-wrapper\"><figure class=\"elementor-image-box-img\"><img loading=\"lazy\" decoding=\"async\" width=\"2000\" height=\"2000\" src=\"https:\/\/musiquenherbe.org\/wp-content\/uploads\/2023\/06\/88558PICyKHW1j9Q7Nv9d_PIC2018.png\" class=\"attachment-full size-full wp-image-679\" alt=\"\" srcset=\"https:\/\/musiquenherbe.org\/wp-content\/uploads\/2023\/06\/88558PICyKHW1j9Q7Nv9d_PIC2018.png 2000w, https:\/\/musiquenherbe.org\/wp-content\/uploads\/2023\/06\/88558PICyKHW1j9Q7Nv9d_PIC2018-300x300.png 300w, https:\/\/musiquenherbe.org\/wp-content\/uploads\/2023\/06\/88558PICyKHW1j9Q7Nv9d_PIC2018-1024x1024.png 1024w, https:\/\/musiquenherbe.org\/wp-content\/uploads\/2023\/06\/88558PICyKHW1j9Q7Nv9d_PIC2018-150x150.png 150w, https:\/\/musiquenherbe.org\/wp-content\/uploads\/2023\/06\/88558PICyKHW1j9Q7Nv9d_PIC2018-768x768.png 768w, https:\/\/musiquenherbe.org\/wp-content\/uploads\/2023\/06\/88558PICyKHW1j9Q7Nv9d_PIC2018-1536x1536.png 1536w\" sizes=\"(max-width: 2000px) 100vw, 2000px\" \/><\/figure><div class=\"elementor-image-box-content\"><h3 class=\"elementor-image-box-title\">Percussions<\/h3><p class=\"elementor-image-box-description\">Batterie, Djemb\u00e9<\/p><\/div><\/div>\t\t\t\t<\/div>\n\t\t\t\t<\/div>\n\t\t\t\t\t<\/div>\n\t\t<\/div>\n\t\t\t\t<div class=\"elementor-column elementor-col-33 elementor-top-column elementor-element elementor-element-61e68de\" data-id=\"61e68de\" data-element_type=\"column\" data-e-type=\"column\">\n\t\t\t<div class=\"elementor-widget-wrap elementor-element-populated\">\n\t\t\t\t\t\t<div class=\"elementor-element elementor-element-3110eb9 elementor-position-top elementor-widget elementor-widget-image-box\" data-id=\"3110eb9\" data-element_type=\"widget\" data-e-type=\"widget\" data-widget_type=\"image-box.default\">\n\t\t\t\t<div class=\"elementor-widget-container\">\n\t\t\t\t\t<div class=\"elementor-image-box-wrapper\"><figure class=\"elementor-image-box-img\"><img loading=\"lazy\" decoding=\"async\" width=\"980\" height=\"980\" src=\"https:\/\/musiquenherbe.org\/wp-content\/uploads\/2023\/06\/music-flat-icon-sing-png.webp\" class=\"attachment-full size-full wp-image-680\" alt=\"\" srcset=\"https:\/\/musiquenherbe.org\/wp-content\/uploads\/2023\/06\/music-flat-icon-sing-png.webp 980w, https:\/\/musiquenherbe.org\/wp-content\/uploads\/2023\/06\/music-flat-icon-sing-png-300x300.webp 300w, https:\/\/musiquenherbe.org\/wp-content\/uploads\/2023\/06\/music-flat-icon-sing-png-150x150.webp 150w, https:\/\/musiquenherbe.org\/wp-content\/uploads\/2023\/06\/music-flat-icon-sing-png-768x768.webp 768w\" sizes=\"(max-width: 980px) 100vw, 980px\" \/><\/figure><div class=\"elementor-image-box-content\"><h3 class=\"elementor-image-box-title\">Chant<\/h3><p class=\"elementor-image-box-description\">Vari\u00e9t\u00e9s, Jazz<\/p><\/div><\/div>\t\t\t\t<\/div>\n\t\t\t\t<\/div>\n\t\t\t\t\t<\/div>\n\t\t<\/div>\n\t\t\t\t\t<\/div>\n\t\t<\/section>\n\t\t\t\t<\/div>\n\t\t","protected":false},"excerpt":{"rendered":"<p>Liste Des Instruments : Guitare Acoustique, Folk, Electrique, Rock, Jazz, Basse Claviers Piano Jazz, Piano Classique, Accord\u00e9on Vents Fl\u00fbte traversi\u00e8re, Saxophone, Trombone Cordes Violoncelle, Violon Percussions Batterie, Djemb\u00e9 Chant Vari\u00e9t\u00e9s, Jazz<\/p>\n","protected":false},"author":1,"featured_media":0,"parent":82,"menu_order":0,"comment_status":"closed","ping_status":"closed","template":"elementor_header_footer","meta":{"footnotes":""},"class_list":["post-671","page","type-page","status-publish","hentry"],"_links":{"self":[{"href":"https:\/\/musiquenherbe.org\/index.php\/wp-json\/wp\/v2\/pages\/671","targetHints":{"allow":["GET"]}}],"collection":[{"href":"https:\/\/musiquenherbe.org\/index.php\/wp-json\/wp\/v2\/pages"}],"about":[{"href":"https:\/\/musiquenherbe.org\/index.php\/wp-json\/wp\/v2\/types\/page"}],"author":[{"embeddable":true,"href":"https:\/\/musiquenherbe.org\/index.php\/wp-json\/wp\/v2\/users\/1"}],"replies":[{"embeddable":true,"href":"https:\/\/musiquenherbe.org\/index.php\/wp-json\/wp\/v2\/comments?post=671"}],"version-history":[{"count":12,"href":"https:\/\/musiquenherbe.org\/index.php\/wp-json\/wp\/v2\/pages\/671\/revisions"}],"predecessor-version":[{"id":869,"href":"https:\/\/musiquenherbe.org\/index.php\/wp-json\/wp\/v2\/pages\/671\/revisions\/869"}],"up":[{"embeddable":true,"href":"https:\/\/musiquenherbe.org\/index.php\/wp-json\/wp\/v2\/pages\/82"}],"wp:attachment":[{"href":"https:\/\/musiquenherbe.org\/index.php\/wp-json\/wp\/v2\/media?parent=671"}],"curies":[{"name":"wp","href":"https:\/\/api.w.org\/{rel}","templated":true}]}}